{"id":30,"date":"2018-03-09T11:54:52","date_gmt":"2018-03-09T11:54:52","guid":{"rendered":"http:\/\/www.novak-bus.de\/?page_id=30"},"modified":"2021-06-24T05:41:47","modified_gmt":"2021-06-24T05:41:47","slug":"impressum","status":"publish","type":"page","link":"https:\/\/www.novak-bus.de\/index.php\/impressum\/","title":{"rendered":"Impressum"},"content":{"rendered":"<p>M. Novak Omnibusbetrieb<br \/>\nInhaber\/Gesch\u00e4ftsf\u00fchrer Alexander H\u00e4fner<br \/>\nAm Allacher Bahndamm 4<br \/>\n80999 M\u00fcnchen<br \/>\nTelefon: +49 89 812 20 86<\/p>\n<p>E-Mail:\u00a0<a href=\"mailto:info@novak-bus.de\">info@novak-bus.de<\/a><br \/>\nInternet:\u00a0<a href=\"http:\/\/www.novak-bus.de\/\">www.novak-bus.de<\/a><\/p>\n<p>&nbsp;<\/p>\n<p>Registergericht: M\u00fcnchen HRA 46740<br \/>\nZust\u00e4ndige Kammer:\u00a0 Handwerkskammer \/ BfG f\u00fcr Fahrzeughaltung<br \/>\nBerufsbezeichnung:\u00a0Omnibusunternehmer<\/p>\n<p>Inhaltlich Verantwortlicher gem\u00e4\u00df \u00a7 7 TMG: Hans H\u00e4fner<br \/>\nHaftungshinweis: Trotz sorgf\u00e4ltiger inhaltlicher Kontrolle \u00fcbernehmen wir keine Haftung f\u00fcr die Inhalte externer Links. F\u00fcr den Inhalt der verlinkten Seiten sind ausschlie\u00dflich deren Betreiber verantwortlich.<br \/>\nDatenschutzerkl\u00e4rung:\u00a0<a href=\"http:\/\/www.novak-bus.de\/index.php\/datenschutz\/\">siehe Datenschutz<br \/>\n<\/a>Bildnachweise: Archiv Fa. Novak<\/p>\n<p>&nbsp;<\/p>\n<p>Zertifizierung:<br \/>\nDesign &amp; Programmierung by c-networks GbR<br \/>\n<a href=\"http:\/\/www.c-networks.net\/\">www.c-networks.net<\/a><\/p>\n","protected":false},"excerpt":{"rendered":"<p>M. Novak Omnibusbetrieb Inhaber\/Gesch\u00e4ftsf\u00fchrer Alexander H\u00e4fner Am Allacher Bahndamm 4 80999 M\u00fcnchen Telefon: +49 89 812 20 86 E-Mail:\u00a0info@novak-bus.de Internet:\u00a0www.novak-bus.de &nbsp; Registergericht: M\u00fcnchen HRA 46740 Zust\u00e4ndige Kammer:\u00a0 Handwerkskammer \/ BfG f\u00fcr Fahrzeughaltung Berufsbezeichnung:\u00a0Omnibusunternehmer Inhaltlich Verantwortlicher gem\u00e4\u00df \u00a7 7 TMG: Hans H\u00e4fner Haftungshinweis: Trotz sorgf\u00e4ltiger inhaltlicher Kontrolle \u00fcbernehmen wir keine Haftung f\u00fcr die Inhalte externer Links. [&hellip;]<\/p>\n","protected":false},"author":1,"featured_media":0,"parent":0,"menu_order":0,"comment_status":"closed","ping_status":"closed","template":"","meta":[],"_links":{"self":[{"href":"https:\/\/www.novak-bus.de\/index.php\/wp-json\/wp\/v2\/pages\/30"}],"collection":[{"href":"https:\/\/www.novak-bus.de\/index.php\/wp-json\/wp\/v2\/pages"}],"about":[{"href":"https:\/\/www.novak-bus.de\/index.php\/wp-json\/wp\/v2\/types\/page"}],"author":[{"embeddable":true,"href":"https:\/\/www.novak-bus.de\/index.php\/wp-json\/wp\/v2\/users\/1"}],"replies":[{"embeddable":true,"href":"https:\/\/www.novak-bus.de\/index.php\/wp-json\/wp\/v2\/comments?post=30"}],"version-history":[{"count":11,"href":"https:\/\/www.novak-bus.de\/index.php\/wp-json\/wp\/v2\/pages\/30\/revisions"}],"predecessor-version":[{"id":711,"href":"https:\/\/www.novak-bus.de\/index.php\/wp-json\/wp\/v2\/pages\/30\/revisions\/711"}],"wp:attachment":[{"href":"https:\/\/www.novak-bus.de\/index.php\/wp-json\/wp\/v2\/media?parent=30"}],"curies":[{"name":"wp","href":"https:\/\/api.w.org\/{rel}","templated":true}]}}