{"id":245,"date":"2018-10-29T13:31:29","date_gmt":"2018-10-29T13:31:29","guid":{"rendered":"http:\/\/www.novak-bus.de\/?page_id=245"},"modified":"2025-03-19T08:05:54","modified_gmt":"2025-03-19T08:05:54","slug":"jobs","status":"publish","type":"page","link":"https:\/\/www.novak-bus.de\/index.php\/jobs\/","title":{"rendered":"Jobs"},"content":{"rendered":"<p data-start=\"67\" data-end=\"100\"><strong data-start=\"67\" data-end=\"100\">Derzeit keine offenen Stellen<\/strong><\/p>\n<p data-start=\"102\" data-end=\"416\">Vielen Dank f\u00fcr Ihr Interesse an einer Mitarbeit in unserem Unternehmen.<\/p>\n<p data-start=\"102\" data-end=\"416\">Aktuell haben wir leider keine offenen Stellen, weder f\u00fcr die Werkstatt noch f\u00fcr das Fahrpersonal.<\/p>\n<p data-start=\"102\" data-end=\"416\">Wir bitten um Ihr Verst\u00e4ndnis und freuen uns,<\/p>\n<p data-start=\"102\" data-end=\"416\">wenn Sie zu einem sp\u00e4teren Zeitpunkt wieder einen Blick auf unsere Karrierem\u00f6glichkeiten werfen.<\/p>\n<p>&nbsp;<\/p>\n","protected":false},"excerpt":{"rendered":"<p>Derzeit keine offenen Stellen Vielen Dank f\u00fcr Ihr Interesse an einer Mitarbeit in unserem Unternehmen. Aktuell haben wir leider keine offenen Stellen, weder f\u00fcr die Werkstatt noch f\u00fcr das Fahrpersonal. Wir bitten um Ihr Verst\u00e4ndnis und freuen uns, wenn Sie zu einem sp\u00e4teren Zeitpunkt wieder einen Blick auf unsere Karrierem\u00f6glichkeiten werfen. &nbsp;<\/p>\n","protected":false},"author":1,"featured_media":0,"parent":0,"menu_order":0,"comment_status":"closed","ping_status":"closed","template":"","meta":[],"_links":{"self":[{"href":"https:\/\/www.novak-bus.de\/index.php\/wp-json\/wp\/v2\/pages\/245"}],"collection":[{"href":"https:\/\/www.novak-bus.de\/index.php\/wp-json\/wp\/v2\/pages"}],"about":[{"href":"https:\/\/www.novak-bus.de\/index.php\/wp-json\/wp\/v2\/types\/page"}],"author":[{"embeddable":true,"href":"https:\/\/www.novak-bus.de\/index.php\/wp-json\/wp\/v2\/users\/1"}],"replies":[{"embeddable":true,"href":"https:\/\/www.novak-bus.de\/index.php\/wp-json\/wp\/v2\/comments?post=245"}],"version-history":[{"count":8,"href":"https:\/\/www.novak-bus.de\/index.php\/wp-json\/wp\/v2\/pages\/245\/revisions"}],"predecessor-version":[{"id":1448,"href":"https:\/\/www.novak-bus.de\/index.php\/wp-json\/wp\/v2\/pages\/245\/revisions\/1448"}],"wp:attachment":[{"href":"https:\/\/www.novak-bus.de\/index.php\/wp-json\/wp\/v2\/media?parent=245"}],"curies":[{"name":"wp","href":"https:\/\/api.w.org\/{rel}","templated":true}]}}