{"id":24,"date":"2018-03-09T11:54:17","date_gmt":"2018-03-09T11:54:17","guid":{"rendered":"http:\/\/www.novak-bus.de\/?page_id=24"},"modified":"2021-06-24T05:40:07","modified_gmt":"2021-06-24T05:40:07","slug":"kontakt","status":"publish","type":"page","link":"https:\/\/www.novak-bus.de\/index.php\/kontakt\/","title":{"rendered":"Kontakt"},"content":{"rendered":"<p>Sie erreichen uns unter Folgender Adresse:<\/p>\n<p>M. Novak Omnibusbetrieb<br \/>\nInhaber\/Gesch\u00e4ftsf\u00fchrer Alexander H\u00e4fner<br \/>\nAm Allacher Bahndamm 4<br \/>\n80999 M\u00fcnchen<\/p>\n<p>Tel.: 089 812 20 86<br \/>\nFax: 089 813 23 77<\/p>\n<p>info@novak-bus.de<br \/>\nwww.novak-bus.de<\/p>\n<p>Sie kommen auch bequem mit dem Bus der Linie 160 zu uns. Ausstieg Otto Wartburg Stra\u00dfe, dann 3 Min zu Fu\u00df Richtung S\u00fcden.<\/p>\n<p><img loading=\"lazy\" class=\"alignnone size-medium wp-image-228\" src=\"http:\/\/www.novak-bus.de\/wp-content\/uploads\/2018\/10\/IMG_2632-300x225.jpg\" alt=\"\" width=\"300\" height=\"225\" srcset=\"https:\/\/www.novak-bus.de\/wp-content\/uploads\/2018\/10\/IMG_2632-300x225.jpg 300w, https:\/\/www.novak-bus.de\/wp-content\/uploads\/2018\/10\/IMG_2632-768x576.jpg 768w, https:\/\/www.novak-bus.de\/wp-content\/uploads\/2018\/10\/IMG_2632-1024x768.jpg 1024w\" sizes=\"(max-width: 300px) 100vw, 300px\" \/>\u00a0<img loading=\"lazy\" class=\"alignnone size-medium wp-image-227\" src=\"http:\/\/www.novak-bus.de\/wp-content\/uploads\/2018\/10\/IMG_2628-300x225.jpg\" alt=\"\" width=\"300\" height=\"225\" srcset=\"https:\/\/www.novak-bus.de\/wp-content\/uploads\/2018\/10\/IMG_2628-300x225.jpg 300w, https:\/\/www.novak-bus.de\/wp-content\/uploads\/2018\/10\/IMG_2628-768x576.jpg 768w, https:\/\/www.novak-bus.de\/wp-content\/uploads\/2018\/10\/IMG_2628-1024x768.jpg 1024w\" sizes=\"(max-width: 300px) 100vw, 300px\" \/><\/p>\n","protected":false},"excerpt":{"rendered":"<p>Sie erreichen uns unter Folgender Adresse: M. Novak Omnibusbetrieb Inhaber\/Gesch\u00e4ftsf\u00fchrer Alexander H\u00e4fner Am Allacher Bahndamm 4 80999 M\u00fcnchen Tel.: 089 812 20 86 Fax: 089 813 23 77 info@novak-bus.de www.novak-bus.de Sie kommen auch bequem mit dem Bus der Linie 160 zu uns. Ausstieg Otto Wartburg Stra\u00dfe, dann 3 Min zu Fu\u00df Richtung S\u00fcden. \u00a0<\/p>\n","protected":false},"author":1,"featured_media":0,"parent":0,"menu_order":0,"comment_status":"closed","ping_status":"closed","template":"","meta":[],"_links":{"self":[{"href":"https:\/\/www.novak-bus.de\/index.php\/wp-json\/wp\/v2\/pages\/24"}],"collection":[{"href":"https:\/\/www.novak-bus.de\/index.php\/wp-json\/wp\/v2\/pages"}],"about":[{"href":"https:\/\/www.novak-bus.de\/index.php\/wp-json\/wp\/v2\/types\/page"}],"author":[{"embeddable":true,"href":"https:\/\/www.novak-bus.de\/index.php\/wp-json\/wp\/v2\/users\/1"}],"replies":[{"embeddable":true,"href":"https:\/\/www.novak-bus.de\/index.php\/wp-json\/wp\/v2\/comments?post=24"}],"version-history":[{"count":10,"href":"https:\/\/www.novak-bus.de\/index.php\/wp-json\/wp\/v2\/pages\/24\/revisions"}],"predecessor-version":[{"id":710,"href":"https:\/\/www.novak-bus.de\/index.php\/wp-json\/wp\/v2\/pages\/24\/revisions\/710"}],"wp:attachment":[{"href":"https:\/\/www.novak-bus.de\/index.php\/wp-json\/wp\/v2\/media?parent=24"}],"curies":[{"name":"wp","href":"https:\/\/api.w.org\/{rel}","templated":true}]}}