{"id":16,"date":"2018-03-09T11:27:04","date_gmt":"2018-03-09T11:27:04","guid":{"rendered":"http:\/\/www.novak-bus.de\/?page_id=16"},"modified":"2020-07-29T13:58:21","modified_gmt":"2020-07-29T13:58:21","slug":"willkommen","status":"publish","type":"page","link":"https:\/\/www.novak-bus.de\/","title":{"rendered":"Home"},"content":{"rendered":"<p>Herzlich Willkommen<\/p>\n<p>auf der Website von Omnibus-Betrieb Martin Novak. Wir sind als Partner der MVG in M\u00fcnchen ein langj\u00e4hriger und zuverl\u00e4ssiger Partner im Nahverkehr.<\/p>\n<p>Auf unserer Seite m\u00f6chten wir Ihnen einen kleinen Einblick in unsere T\u00e4tigkeiten und unsere Flotte zeigen.<\/p>\n","protected":false},"excerpt":{"rendered":"<p>Herzlich Willkommen auf der Website von Omnibus-Betrieb Martin Novak. Wir sind als Partner der MVG in M\u00fcnchen ein langj\u00e4hriger und zuverl\u00e4ssiger Partner im Nahverkehr. Auf unserer Seite m\u00f6chten wir Ihnen einen kleinen Einblick in unsere T\u00e4tigkeiten und unsere Flotte zeigen.<\/p>\n","protected":false},"author":1,"featured_media":0,"parent":0,"menu_order":0,"comment_status":"closed","ping_status":"closed","template":"","meta":[],"_links":{"self":[{"href":"https:\/\/www.novak-bus.de\/index.php\/wp-json\/wp\/v2\/pages\/16"}],"collection":[{"href":"https:\/\/www.novak-bus.de\/index.php\/wp-json\/wp\/v2\/pages"}],"about":[{"href":"https:\/\/www.novak-bus.de\/index.php\/wp-json\/wp\/v2\/types\/page"}],"author":[{"embeddable":true,"href":"https:\/\/www.novak-bus.de\/index.php\/wp-json\/wp\/v2\/users\/1"}],"replies":[{"embeddable":true,"href":"https:\/\/www.novak-bus.de\/index.php\/wp-json\/wp\/v2\/comments?post=16"}],"version-history":[{"count":7,"href":"https:\/\/www.novak-bus.de\/index.php\/wp-json\/wp\/v2\/pages\/16\/revisions"}],"predecessor-version":[{"id":574,"href":"https:\/\/www.novak-bus.de\/index.php\/wp-json\/wp\/v2\/pages\/16\/revisions\/574"}],"wp:attachment":[{"href":"https:\/\/www.novak-bus.de\/index.php\/wp-json\/wp\/v2\/media?parent=16"}],"curies":[{"name":"wp","href":"https:\/\/api.w.org\/{rel}","templated":true}]}}